{"id":2241,"date":"2022-07-21T09:32:07","date_gmt":"2022-07-21T07:32:07","guid":{"rendered":"https:\/\/www.hohenwutzen.de\/?page_id=2241"},"modified":"2024-01-29T17:17:39","modified_gmt":"2024-01-29T16:17:39","slug":"fahrradtourismus","status":"publish","type":"page","link":"https:\/\/www.hohenwutzen.de\/pl\/fahrradtourismus\/","title":{"rendered":"Turystyka rowerowa"},"content":{"rendered":"<div data-elementor-type=\"wp-page\" data-elementor-id=\"2241\" class=\"elementor elementor-2241\" data-elementor-post-type=\"page\">\n\t\t\t\t\t\t<section class=\"elementor-section elementor-top-section elementor-element elementor-element-8def3f3 elementor-section-boxed elementor-section-height-default elementor-section-height-default\" data-id=\"8def3f3\" data-element_type=\"section\">\n\t\t\t\t\t\t<div class=\"elementor-container elementor-column-gap-default\">\n\t\t\t\t\t<div class=\"elementor-column elementor-col-100 elementor-top-column elementor-element elementor-element-65b9866\" data-id=\"65b9866\" data-element_type=\"column\">\n\t\t\t<div class=\"elementor-widget-wrap elementor-element-populated\">\n\t\t\t\t\t\t<div class=\"elementor-element elementor-element-9d7c30e elementor-widget elementor-widget-spacer\" data-id=\"9d7c30e\" data-element_type=\"widget\" data-widget_type=\"spacer.default\">\n\t\t\t\t<div class=\"elementor-widget-container\">\n\t\t\t<style>\/*! elementor - v3.19.0 - 07-02-2024 *\/\n.elementor-column .elementor-spacer-inner{height:var(--spacer-size)}.e-con{--container-widget-width:100%}.e-con-inner>.elementor-widget-spacer,.e-con>.elementor-widget-spacer{width:var(--container-widget-width,var(--spacer-size));--align-self:var(--container-widget-align-self,initial);--flex-shrink:0}.e-con-inner>.elementor-widget-spacer>.elementor-widget-container,.e-con>.elementor-widget-spacer>.elementor-widget-container{height:100%;width:100%}.e-con-inner>.elementor-widget-spacer>.elementor-widget-container>.elementor-spacer,.e-con>.elementor-widget-spacer>.elementor-widget-container>.elementor-spacer{height:100%}.e-con-inner>.elementor-widget-spacer>.elementor-widget-container>.elementor-spacer>.elementor-spacer-inner,.e-con>.elementor-widget-spacer>.elementor-widget-container>.elementor-spacer>.elementor-spacer-inner{height:var(--container-widget-height,var(--spacer-size))}.e-con-inner>.elementor-widget-spacer.elementor-widget-empty,.e-con>.elementor-widget-spacer.elementor-widget-empty{position:relative;min-height:22px;min-width:22px}.e-con-inner>.elementor-widget-spacer.elementor-widget-empty .elementor-widget-empty-icon,.e-con>.elementor-widget-spacer.elementor-widget-empty .elementor-widget-empty-icon{position:absolute;top:0;bottom:0;left:0;right:0;margin:auto;padding:0;width:22px;height:22px}<\/style>\t\t<div class=\"elementor-spacer\">\n\t\t\t<div class=\"elementor-spacer-inner\"><\/div>\n\t\t<\/div>\n\t\t\t\t<\/div>\n\t\t\t\t<\/div>\n\t\t\t\t\t<\/div>\n\t\t<\/div>\n\t\t\t\t\t<\/div>\n\t\t<\/section>\n\t\t\t\t<section class=\"elementor-section elementor-top-section elementor-element elementor-element-60b40c55 elementor-section-boxed elementor-section-height-default elementor-section-height-default\" data-id=\"60b40c55\" data-element_type=\"section\">\n\t\t\t\t\t\t<div class=\"elementor-container elementor-column-gap-wider\">\n\t\t\t\t\t<div class=\"elementor-column elementor-col-50 elementor-top-column elementor-element elementor-element-43b83db0\" data-id=\"43b83db0\" data-element_type=\"column\">\n\t\t\t<div class=\"elementor-widget-wrap elementor-element-populated\">\n\t\t\t\t\t\t<div class=\"elementor-element elementor-element-1ffedbd8 elementor-widget elementor-widget-heading\" data-id=\"1ffedbd8\" data-element_type=\"widget\" data-widget_type=\"heading.default\">\n\t\t\t\t<div class=\"elementor-widget-container\">\n\t\t\t<style>\/*! elementor - v3.19.0 - 07-02-2024 *\/\n.elementor-heading-title{padding:0;margin:0;line-height:1}.elementor-widget-heading .elementor-heading-title[class*=elementor-size-]>a{color:inherit;font-size:inherit;line-height:inherit}.elementor-widget-heading .elementor-heading-title.elementor-size-small{font-size:15px}.elementor-widget-heading .elementor-heading-title.elementor-size-medium{font-size:19px}.elementor-widget-heading .elementor-heading-title.elementor-size-large{font-size:29px}.elementor-widget-heading .elementor-heading-title.elementor-size-xl{font-size:39px}.elementor-widget-heading .elementor-heading-title.elementor-size-xxl{font-size:59px}<\/style><h2 class=\"elementor-heading-title elementor-size-default\">Turystyka rowerowa<\/h2>\t\t<\/div>\n\t\t\t\t<\/div>\n\t\t\t\t<div class=\"elementor-element elementor-element-3fa32118 elementor-widget elementor-widget-text-editor\" data-id=\"3fa32118\" data-element_type=\"widget\" data-widget_type=\"text-editor.default\">\n\t\t\t\t<div class=\"elementor-widget-container\">\n\t\t\t<style>\/*! elementor - v3.19.0 - 07-02-2024 *\/\n.elementor-widget-text-editor.elementor-drop-cap-view-stacked .elementor-drop-cap{background-color:#69727d;color:#fff}.elementor-widget-text-editor.elementor-drop-cap-view-framed .elementor-drop-cap{color:#69727d;border:3px solid;background-color:transparent}.elementor-widget-text-editor:not(.elementor-drop-cap-view-default) .elementor-drop-cap{margin-top:8px}.elementor-widget-text-editor:not(.elementor-drop-cap-view-default) .elementor-drop-cap-letter{width:1em;height:1em}.elementor-widget-text-editor .elementor-drop-cap{float:left;text-align:center;line-height:1;font-size:50px}.elementor-widget-text-editor .elementor-drop-cap-letter{display:inline-block}<\/style>\t\t\t\t<p>Odkryjcie Pa\u0144stwo przepi\u0119kny Oderbruch i wyj\u0105tkowy krajobraz nadodrza\u0144ski na rowerze na jednej z najlepszych sieci \u015bcie\u017cek rowerowych w Niemczech. P\u0142askie \u015bcie\u017cki rowerowe nad wa\u0142ami przeciwpowodziowymi i dawnymi nasypami kolejowymi zach\u0119caj\u0105 m\u0142odych i starszych do spokojnej jazdy.<\/p><p>Licz\u0105ca oko\u0142o 630 km d\u0142ugo\u015bci <a href=\"https:\/\/de.wikipedia.org\/wiki\/Oder-Nei%C3%9Fe-Radweg_(D12)\" target=\"_blank\" rel=\"noopener\">Trasa rowerowa Odra-Nysa (D12)<\/a>kt\u00f3ry zawsze ci\u0105gnie si\u0119 od Czech wzd\u0142u\u017c rzeki i granicy do Morza Ba\u0142tyckiego.<\/p><p>Regionalna trasa rowerowa Historyczne Centra Miast - Trasa 1 \u0142\u0105czy Berlin przez Strausberg - Wriezen - Bad Freienwalde z polskim rynkiem Hohenwutzen.<\/p>\t\t\t\t\t\t<\/div>\n\t\t\t\t<\/div>\n\t\t\t\t\t<\/div>\n\t\t<\/div>\n\t\t\t\t<div class=\"elementor-column elementor-col-50 elementor-top-column elementor-element elementor-element-fb5b6c2\" data-id=\"fb5b6c2\" data-element_type=\"column\" data-settings=\"{&quot;background_background&quot;:&quot;classic&quot;}\">\n\t\t\t<div class=\"elementor-widget-wrap elementor-element-populated\">\n\t\t\t\t\t\t<div class=\"elementor-element elementor-element-28a4d58 elementor-widget elementor-widget-image\" data-id=\"28a4d58\" data-element_type=\"widget\" data-widget_type=\"image.default\">\n\t\t\t\t<div class=\"elementor-widget-container\">\n\t\t\t<style>\/*! elementor - v3.19.0 - 07-02-2024 *\/\n.elementor-widget-image{text-align:center}.elementor-widget-image a{display:inline-block}.elementor-widget-image a img[src$=\".svg\"]{width:48px}.elementor-widget-image img{vertical-align:middle;display:inline-block}<\/style>\t\t\t\t\t\t\t<figure class=\"wp-caption\">\n\t\t\t\t\t\t\t\t\t\t\t<a href=\"https:\/\/www.hohenwutzen.de\/wp-content\/uploads\/2022\/08\/fahrrad.jpg\" data-elementor-open-lightbox=\"yes\" data-elementor-lightbox-title=\"Fahrrad\" data-e-action-hash=\"#elementor-action%3Aaction%3Dlightbox%26settings%3DeyJpZCI6MzA1NCwidXJsIjoiaHR0cHM6XC9cL3d3dy5ob2hlbnd1dHplbi5kZVwvd3AtY29udGVudFwvdXBsb2Fkc1wvMjAyMlwvMDhcL2ZhaHJyYWQuanBnIn0%3D\">\n\t\t\t\t\t\t\t<img fetchpriority=\"high\" decoding=\"async\" width=\"800\" height=\"534\" src=\"https:\/\/www.hohenwutzen.de\/wp-content\/uploads\/2022\/08\/fahrrad-1024x683.jpg\" class=\"attachment-large size-large wp-image-3054\" alt=\"Fahrradtourismus\" srcset=\"https:\/\/www.hohenwutzen.de\/wp-content\/uploads\/2022\/08\/fahrrad-1024x683.jpg 1024w, https:\/\/www.hohenwutzen.de\/wp-content\/uploads\/2022\/08\/fahrrad-300x200.jpg 300w, https:\/\/www.hohenwutzen.de\/wp-content\/uploads\/2022\/08\/fahrrad-768x512.jpg 768w, https:\/\/www.hohenwutzen.de\/wp-content\/uploads\/2022\/08\/fahrrad-1536x1024.jpg 1536w, https:\/\/www.hohenwutzen.de\/wp-content\/uploads\/2022\/08\/fahrrad.jpg 1800w\" sizes=\"(max-width: 800px) 100vw, 800px\" \/>\t\t\t\t\t\t\t\t<\/a>\n\t\t\t\t\t\t\t\t\t\t\t<figcaption class=\"widget-image-caption wp-caption-text\">Autor zdj\u0119cia: TMB Tourismus-Marketing Brandenburg GmbH<\/figcaption>\n\t\t\t\t\t\t\t\t\t\t<\/figure>\n\t\t\t\t\t\t\t<\/div>\n\t\t\t\t<\/div>\n\t\t\t\t\t<\/div>\n\t\t<\/div>\n\t\t\t\t\t<\/div>\n\t\t<\/section>\n\t\t\t\t<section class=\"elementor-section elementor-top-section elementor-element elementor-element-e53957d elementor-section-boxed elementor-section-height-default elementor-section-height-default\" data-id=\"e53957d\" data-element_type=\"section\">\n\t\t\t\t\t\t<div class=\"elementor-container elementor-column-gap-default\">\n\t\t\t\t\t<div class=\"elementor-column elementor-col-50 elementor-top-column elementor-element elementor-element-aa90a77\" data-id=\"aa90a77\" data-element_type=\"column\">\n\t\t\t<div class=\"elementor-widget-wrap elementor-element-populated\">\n\t\t\t\t\t\t<div class=\"elementor-element elementor-element-0608865 elementor-widget elementor-widget-heading\" data-id=\"0608865\" data-element_type=\"widget\" data-widget_type=\"heading.default\">\n\t\t\t\t<div class=\"elementor-widget-container\">\n\t\t\t<h2 class=\"elementor-heading-title elementor-size-default\">Turystyka rowerowa <span style=\"white-space: normal;\">w Oderbruchu<\/span><\/h2>\t\t<\/div>\n\t\t\t\t<\/div>\n\t\t\t\t<div class=\"elementor-element elementor-element-8d4251f elementor-widget elementor-widget-text-editor\" data-id=\"8d4251f\" data-element_type=\"widget\" data-widget_type=\"text-editor.default\">\n\t\t\t\t<div class=\"elementor-widget-container\">\n\t\t\t\t\t\t\t<p><span style=\"color: var( --e-global-color-text ); font-family: var( --e-global-typography-text-font-family ), Sans-serif; font-size: var( --e-global-typography-text-font-size ); font-weight: var( --e-global-typography-text-font-weight );\">Jedn\u0105 z absolutnych atrakcji wycieczek rowerowych w Oderbruch jest most Europabr\u00fccke mi\u0119dzy Neur\u00fcdnitz a Siekierkami, kt\u00f3ry jest dost\u0119pny tylko dla pieszych i rowerzyst\u00f3w.<\/span><\/p><p>Dawny most kolejowy zosta\u0142 uroczy\u015bcie otwarty w 2022 roku po dwuletnim remoncie kosztem 5,4 mln euro i dodaniu platformy widokowej.<\/p><p>Wi\u0119cej zabytk\u00f3w w regionie mo\u017cna znale\u017a\u0107 pod adresem\u00a0<a href=\"https:\/\/www.hohenwutzen.de\/pl\/umgebung\/\" target=\"_blank\" rel=\"noopener\">Okolice<\/a>.<\/p><p>\u00a0<\/p>\t\t\t\t\t\t<\/div>\n\t\t\t\t<\/div>\n\t\t\t\t\t<\/div>\n\t\t<\/div>\n\t\t\t\t<div class=\"elementor-column elementor-col-50 elementor-top-column elementor-element elementor-element-f71ab31\" data-id=\"f71ab31\" data-element_type=\"column\">\n\t\t\t<div class=\"elementor-widget-wrap elementor-element-populated\">\n\t\t\t\t\t\t<div class=\"elementor-element elementor-element-94e1acd elementor-widget elementor-widget-image\" data-id=\"94e1acd\" data-element_type=\"widget\" data-widget_type=\"image.default\">\n\t\t\t\t<div class=\"elementor-widget-container\">\n\t\t\t\t\t\t\t\t\t\t<figure class=\"wp-caption\">\n\t\t\t\t\t\t\t\t\t\t\t<a href=\"https:\/\/www.hohenwutzen.de\/wp-content\/uploads\/2022\/08\/bruecke-1.jpg\" data-elementor-open-lightbox=\"yes\" data-elementor-lightbox-title=\"Europabr\u00fccke\" data-e-action-hash=\"#elementor-action%3Aaction%3Dlightbox%26settings%3DeyJpZCI6MzA1NSwidXJsIjoiaHR0cHM6XC9cL3d3dy5ob2hlbnd1dHplbi5kZVwvd3AtY29udGVudFwvdXBsb2Fkc1wvMjAyMlwvMDhcL2JydWVja2UtMS5qcGcifQ%3D%3D\">\n\t\t\t\t\t\t\t<img decoding=\"async\" width=\"800\" height=\"450\" src=\"https:\/\/www.hohenwutzen.de\/wp-content\/uploads\/2022\/08\/bruecke-1-1024x576.jpg\" class=\"attachment-large size-large wp-image-3055\" alt=\"Europabr\u00fccke als Ziel f\u00fcr Fahrradtourismus\" srcset=\"https:\/\/www.hohenwutzen.de\/wp-content\/uploads\/2022\/08\/bruecke-1-1024x576.jpg 1024w, https:\/\/www.hohenwutzen.de\/wp-content\/uploads\/2022\/08\/bruecke-1-300x169.jpg 300w, https:\/\/www.hohenwutzen.de\/wp-content\/uploads\/2022\/08\/bruecke-1-768x432.jpg 768w, https:\/\/www.hohenwutzen.de\/wp-content\/uploads\/2022\/08\/bruecke-1.jpg 1176w\" sizes=\"(max-width: 800px) 100vw, 800px\" \/>\t\t\t\t\t\t\t\t<\/a>\n\t\t\t\t\t\t\t\t\t\t\t<figcaption class=\"widget-image-caption wp-caption-text\">Autor zdj\u0119cia: MOZ\/Ulf Grieger<\/figcaption>\n\t\t\t\t\t\t\t\t\t\t<\/figure>\n\t\t\t\t\t\t\t<\/div>\n\t\t\t\t<\/div>\n\t\t\t\t\t<\/div>\n\t\t<\/div>\n\t\t\t\t\t<\/div>\n\t\t<\/section>\n\t\t\t\t<section class=\"elementor-section elementor-top-section elementor-element elementor-element-066f896 elementor-section-boxed elementor-section-height-default elementor-section-height-default\" data-id=\"066f896\" data-element_type=\"section\">\n\t\t\t\t\t\t<div class=\"elementor-container elementor-column-gap-default\">\n\t\t\t\t\t<div class=\"elementor-column elementor-col-50 elementor-top-column elementor-element elementor-element-65f1ff6\" data-id=\"65f1ff6\" data-element_type=\"column\">\n\t\t\t<div class=\"elementor-widget-wrap elementor-element-populated\">\n\t\t\t\t\t\t<div class=\"elementor-element elementor-element-42d4463 elementor-widget elementor-widget-heading\" data-id=\"42d4463\" data-element_type=\"widget\" data-widget_type=\"heading.default\">\n\t\t\t\t<div class=\"elementor-widget-container\">\n\t\t\t<h2 class=\"elementor-heading-title elementor-size-default\"><span style=\"white-space: normal;\">Popularny cel podr\u00f3\u017cy na dzie\u0144 -.&nbsp;<\/span><span style=\"white-space: normal;\">Polska Rynek Hohenwutzen<\/span><\/h2>\t\t<\/div>\n\t\t\t\t<\/div>\n\t\t\t\t<div class=\"elementor-element elementor-element-5d9e049 elementor-widget elementor-widget-text-editor\" data-id=\"5d9e049\" data-element_type=\"widget\" data-widget_type=\"text-editor.default\">\n\t\t\t\t<div class=\"elementor-widget-container\">\n\t\t\t\t\t\t\t<p>\u00a0<\/p><p><span style=\"color: var( --e-global-color-text ); font-family: var( --e-global-typography-text-font-family ), Sans-serif; font-size: var( --e-global-typography-text-font-size ); font-weight: var( --e-global-typography-text-font-weight );\">Rynek Polski w Hohenwutzen jest popularnym celem dnia dla wielu turyst\u00f3w rowerowych i jest idealny na relaksuj\u0105ce zakupy w przerwach mi\u0119dzy nimi lub na odpoczynek przy naszym du\u017cym\u00a0<\/span><a href=\"https:\/\/www.hohenwutzen.de\/pl\/essen-und-trinken\/\" target=\"_blank\" rel=\"noopener\">oferta gastronomiczna<\/a><span style=\"color: var( --e-global-color-text ); font-family: var( --e-global-typography-text-font-family ), Sans-serif; font-size: var( --e-global-typography-text-font-size ); font-weight: var( --e-global-typography-text-font-weight );\">\u00a0od\u015bwie\u017cy\u0107 i wzmocni\u0107.\u00a0<\/span><\/p><p><span style=\"color: var( --e-global-color-text ); font-family: var( --e-global-typography-text-font-family ), Sans-serif; font-size: var( --e-global-typography-text-font-size ); font-weight: var( --e-global-typography-text-font-weight );\">Przy naszym rynku znajdziecie Pa\u0144stwo zadaszony parking rowerowy oraz bezp\u0142atne urz\u0105dzenia do \u0142adowania e-rower\u00f3w.<\/span><\/p><p>R\u00f3\u017cne trasy rowerowe z Berlina i okolic oraz dalsze informacje znajdziecie Pa\u0144stwo pod adresem <a href=\"https:\/\/www.hohenwutzen.de\/pl\/anfahrt\/\" target=\"_blank\" rel=\"noopener\">Podej\u015bcie<\/a>.<\/p>\t\t\t\t\t\t<\/div>\n\t\t\t\t<\/div>\n\t\t\t\t\t<\/div>\n\t\t<\/div>\n\t\t\t\t<div class=\"elementor-column elementor-col-50 elementor-top-column elementor-element elementor-element-a1b0cf8\" data-id=\"a1b0cf8\" data-element_type=\"column\">\n\t\t\t<div class=\"elementor-widget-wrap elementor-element-populated\">\n\t\t\t\t\t\t<div class=\"elementor-element elementor-element-0e197ce elementor-widget elementor-widget-image\" data-id=\"0e197ce\" data-element_type=\"widget\" data-widget_type=\"image.default\">\n\t\t\t\t<div class=\"elementor-widget-container\">\n\t\t\t\t\t\t\t\t\t\t\t\t\t<img decoding=\"async\" width=\"589\" height=\"432\" src=\"https:\/\/www.hohenwutzen.de\/wp-content\/uploads\/2022\/08\/abstellplatz-e1660313796467.png\" class=\"attachment-full size-full wp-image-3056\" alt=\"\" srcset=\"https:\/\/www.hohenwutzen.de\/wp-content\/uploads\/2022\/08\/abstellplatz-e1660313796467.png 589w, https:\/\/www.hohenwutzen.de\/wp-content\/uploads\/2022\/08\/abstellplatz-e1660313796467-300x220.png 300w\" sizes=\"(max-width: 589px) 100vw, 589px\" \/>\t\t\t\t\t\t\t\t\t\t\t\t\t<\/div>\n\t\t\t\t<\/div>\n\t\t\t\t\t<\/div>\n\t\t<\/div>\n\t\t\t\t\t<\/div>\n\t\t<\/section>\n\t\t\t\t<\/div>","protected":false},"excerpt":{"rendered":"<p>Turystyka rowerowa Odkryj pi\u0119kny Oderbruch i wyj\u0105tkowy krajobraz Odry na rowerze, korzystaj\u0105c z jednej z najlepszych sieci \u015bcie\u017cek rowerowych w Niemczech. P\u0142askie \u015bcie\u017cki rowerowe nad wa\u0142ami przeciwpowodziowymi i dawnymi nasypami kolejowymi zach\u0119caj\u0105 m\u0142odych i starszych do relaksuj\u0105cej jazdy na rowerze. \u015acie\u017cka rowerowa Odra-Nysa (D12) o d\u0142ugo\u015bci 630 km biegnie bezpo\u015brednio przez Hohenwutzen, rozci\u0105gaj\u0105c si\u0119 od Czech wzd\u0142u\u017c rzeki i [...]].<\/p>","protected":false},"author":3,"featured_media":0,"parent":0,"menu_order":0,"comment_status":"closed","ping_status":"closed","template":"","meta":{"_bbp_topic_count":0,"_bbp_reply_count":0,"_bbp_total_topic_count":0,"_bbp_total_reply_count":0,"_bbp_voice_count":0,"_bbp_anonymous_reply_count":0,"_bbp_topic_count_hidden":0,"_bbp_reply_count_hidden":0,"_bbp_forum_subforum_count":0,"footnotes":""},"_links":{"self":[{"href":"https:\/\/www.hohenwutzen.de\/pl\/wp-json\/wp\/v2\/pages\/2241"}],"collection":[{"href":"https:\/\/www.hohenwutzen.de\/pl\/wp-json\/wp\/v2\/pages"}],"about":[{"href":"https:\/\/www.hohenwutzen.de\/pl\/wp-json\/wp\/v2\/types\/page"}],"author":[{"embeddable":true,"href":"https:\/\/www.hohenwutzen.de\/pl\/wp-json\/wp\/v2\/users\/3"}],"replies":[{"embeddable":true,"href":"https:\/\/www.hohenwutzen.de\/pl\/wp-json\/wp\/v2\/comments?post=2241"}],"version-history":[{"count":47,"href":"https:\/\/www.hohenwutzen.de\/pl\/wp-json\/wp\/v2\/pages\/2241\/revisions"}],"predecessor-version":[{"id":4456,"href":"https:\/\/www.hohenwutzen.de\/pl\/wp-json\/wp\/v2\/pages\/2241\/revisions\/4456"}],"wp:attachment":[{"href":"https:\/\/www.hohenwutzen.de\/pl\/wp-json\/wp\/v2\/media?parent=2241"}],"curies":[{"name":"wp","href":"https:\/\/api.w.org\/{rel}","templated":true}]}}